{"id":3271,"date":"2023-10-02T16:16:40","date_gmt":"2023-10-02T14:16:40","guid":{"rendered":"https:\/\/lidhs.com\/?page_id=3271"},"modified":"2024-09-03T13:37:12","modified_gmt":"2024-09-03T11:37:12","slug":"service_agreement","status":"publish","type":"page","link":"https:\/\/lidhs.com\/en\/service_agreement\/","title":{"rendered":"Service agreement"},"content":{"rendered":"<div class=\"wpb-content-wrapper\"><p>[vc_section][vc_row gap=&#8221;30&#8243;][vc_column width=&#8221;3\/4&#8243;]<div class=\"dt-fancy-separator title-left h1-size style-disabled accent-title-color\" style=\"width: 100%;\"><div class=\"dt-fancy-title\"><span class=\"separator-holder separator-left\"><\/span>Service agreement<span class=\"separator-holder separator-right\"><\/span><\/div><\/div>[vc_empty_space][vc_custom_heading text=&#8221;Hos oss p\u00e5 Lidhs kan du med andra ord f\u00e5 hj\u00e4lp med mycket mer \u00e4n verktygstillverkning.&#8221; font_container=&#8221;tag:p|font_size:24|text_align:left|color:%23444444|line_height:1.4%20em&#8221; google_fonts=&#8221;font_family:Lato%3A100%2C100italic%2C300%2C300italic%2Cregular%2Citalic%2C700%2C700italic%2C900%2C900italic|font_style:400%20regular%3A400%3Anormal&#8221;][vc_empty_space][vc_column_text]Lidhs Tooling \u00e4r en verktygstillverkare som erbjuder dig full service. <!--more-->Ut\u00f6ver konstruktion och tillverkning av verktyg har vi p\u00e5 Lidhs en egen avdelning som arbetar med service, f\u00f6r att du snabbt ska kunna f\u00e5 hj\u00e4lp n\u00e4r det beh\u00f6vs. L\u00e5ngsiktiga och h\u00e5llbara samarbeten skapas av m\u00e4nniskor, d\u00e4rf\u00f6r str\u00e4var vi efter att vara verktygstillverkaren som alltid finns n\u00e4ra v\u00e5ra kunder.<\/p>\n<p>&nbsp;<\/p>\n<h3>Serviceavtal &#8211; L\u00f6pande service<\/h3>\n<p>V\u00e5r serviceavdelning utf\u00f6r l\u00f6pande service av verktyg som g\u00e5r i produktion f\u00f6r att s\u00e4kerst\u00e4lla funktion och underh\u00e5lla verktyget. Skulle n\u00e5got, till exempel ett haveri, \u00e4nd\u00e5 uppst\u00e5 hj\u00e4lper vi dig snabbt. Ut\u00f6ver l\u00f6pande service av verktyg kan vi ocks\u00e5 hj\u00e4lpa dig inom andra omr\u00e5den. Vi kan hj\u00e4lpa dig med 3D-m\u00e4tning och programmering i Metrologs programvaror samt ta fram reservdelar till din produktionsutrustning. P\u00e5 Lidhs har vi ocks\u00e5 en modern maskinpark med stor kapacitet f\u00f6r legobearbetning.[\/vc_column_text][\/vc_column][vc_column width=&#8221;1\/4&#8243;][vc_empty_space height=&#8221;32&#8243;][vc_icon icon_fontawesome=&#8221;far fa-copy&#8221; color=&#8221;custom&#8221; custom_color=&#8221;#004f9f&#8221;][vc_column_text]<\/p>\n<h5>Checklista serviceavtal<\/h5>\n<p>[\/vc_column_text][vc_empty_space height=&#8221;32&#8243;]<div class=\"standard-arrow list-divider bullet-top\"><ul>\n<li>B\u00e4ttre fl\u00f6den<\/li>\n<li>Kortare stopp i produktionen<\/li>\n<li>Full service<\/li>\n<\/ul>\n<\/div><style type=\"text\/css\" data-type=\"the7_shortcodes-inline-css\">.team-carousel-shortcode.team-carousel-shortcode-id-bb9fed935559ac4075a7225f293ab84a.owl-carousel .owl-nav a {\n  width: 36px;\n  height: 36px;\n  border-radius: 500px;\n}\n.team-carousel-shortcode.team-carousel-shortcode-id-bb9fed935559ac4075a7225f293ab84a.owl-carousel .owl-nav a:before,\n.team-carousel-shortcode.team-carousel-shortcode-id-bb9fed935559ac4075a7225f293ab84a.owl-carousel .owl-nav a:after {\n  border-width: 0px;\n}\n.team-carousel-shortcode.team-carousel-shortcode-id-bb9fed935559ac4075a7225f293ab84a.owl-carousel .owl-nav a.owl-prev {\n  top: 50%;\n  transform: translateY(calc(-50% + 0px));\n  left: 6px;\n}\n@media all and (-ms-high-contrast: none) {\n  .team-carousel-shortcode.team-carousel-shortcode-id-bb9fed935559ac4075a7225f293ab84a.owl-carousel .owl-nav a.owl-prev {\n    transform: translateY(-50%);\n    margin-top: 0px;\n  }\n}\n.team-carousel-shortcode.team-carousel-shortcode-id-bb9fed935559ac4075a7225f293ab84a.owl-carousel .owl-nav a.owl-prev i {\n  padding: 0px 0px 0px 0px;\n}\n.team-carousel-shortcode.team-carousel-shortcode-id-bb9fed935559ac4075a7225f293ab84a.owl-carousel .owl-nav a.owl-next {\n  top: 50%;\n  transform: translateY(calc(-50% + 0px));\n  right: 6px;\n}\n@media all and (-ms-high-contrast: none) {\n  .team-carousel-shortcode.team-carousel-shortcode-id-bb9fed935559ac4075a7225f293ab84a.owl-carousel .owl-nav a.owl-next {\n    transform: translateY(-50%);\n    margin-top: 0px;\n  }\n}\n.team-carousel-shortcode.team-carousel-shortcode-id-bb9fed935559ac4075a7225f293ab84a.owl-carousel .owl-nav a.owl-next i {\n  padding: 0px 0px 0px 0px;\n}\n.team-carousel-shortcode.team-carousel-shortcode-id-bb9fed935559ac4075a7225f293ab84a.owl-carousel .owl-nav i {\n  font-size: 18px;\n}\n.team-carousel-shortcode.team-carousel-shortcode-id-bb9fed935559ac4075a7225f293ab84a.owl-carousel .owl-nav a:not(:hover) i,\n.team-carousel-shortcode.team-carousel-shortcode-id-bb9fed935559ac4075a7225f293ab84a.owl-carousel .owl-nav a:not(:hover) i:before {\n  color: #ffffff;\n  background: none;\n}\n.team-carousel-shortcode.team-carousel-shortcode-id-bb9fed935559ac4075a7225f293ab84a.owl-carousel .owl-nav a:hover i,\n.team-carousel-shortcode.team-carousel-shortcode-id-bb9fed935559ac4075a7225f293ab84a.owl-carousel .owl-nav a:hover i:before {\n  color: rgba(255,255,255,0.75);\n  background: none;\n}\n.team-carousel-shortcode.team-carousel-shortcode-id-bb9fed935559ac4075a7225f293ab84a .owl-dots {\n  top: calc(100% + -40px);\n  left: 50%;\n  transform: translateX(calc(-50% + 0px));\n}\n@media all and (-ms-high-contrast: none) {\n  .team-carousel-shortcode.team-carousel-shortcode-id-bb9fed935559ac4075a7225f293ab84a .owl-dots {\n    transform: translateX(-50%);\n    margin-left: 0px;\n  }\n}\n.team-carousel-shortcode.team-carousel-shortcode-id-bb9fed935559ac4075a7225f293ab84a .owl-dot {\n  width: 10px;\n  height: 10px;\n  margin: 0 8px;\n}\n@media screen and (max-width: 778px) {\n  .team-carousel-shortcode.team-carousel-shortcode-id-bb9fed935559ac4075a7225f293ab84a.hide-arrows.owl-carousel .owl-nav a {\n    display: none;\n  }\n}\n@media screen and (max-width: 778px) {\n  .team-carousel-shortcode.team-carousel-shortcode-id-bb9fed935559ac4075a7225f293ab84a.reposition-arrows.owl-carousel .owl-nav .owl-prev {\n    top: 50%;\n    transform: translateY(calc(-50% + 0px));\n    left: 10px;\n  }\n  .team-carousel-shortcode.team-carousel-shortcode-id-bb9fed935559ac4075a7225f293ab84a.reposition-arrows.owl-carousel .owl-nav .owl-next {\n    top: 50%;\n    transform: translateY(calc(-50% + 0px));\n    right: 10px;\n  }\n}\n@media screen and (max-width: 778px) and all and (-ms-high-contrast: none) {\n  .team-carousel-shortcode.team-carousel-shortcode-id-bb9fed935559ac4075a7225f293ab84a.reposition-arrows.owl-carousel .owl-nav .owl-prev {\n    transform: translateY(-50%);\n    margin-top: 0px;\n  }\n}\n@media screen and (max-width: 778px) and all and (-ms-high-contrast: none) {\n  .team-carousel-shortcode.team-carousel-shortcode-id-bb9fed935559ac4075a7225f293ab84a.reposition-arrows.owl-carousel .owl-nav .owl-next {\n    transform: translateY(-50%);\n    margin-top: 0px;\n  }\n}\n.team-carousel-shortcode.team-carousel-shortcode-id-bb9fed935559ac4075a7225f293ab84a .team-desc {\n  padding: 20px 20px 20px 20px;\n}\n.team-carousel-shortcode.team-carousel-shortcode-id-bb9fed935559ac4075a7225f293ab84a .team-author-name,\n.team-carousel-shortcode.team-carousel-shortcode-id-bb9fed935559ac4075a7225f293ab84a .team-author-name a {\n  margin-bottom: 0px;\n  font-weight: bold;\n}\n.team-carousel-shortcode.team-carousel-shortcode-id-bb9fed935559ac4075a7225f293ab84a .team-author p {\n  margin-bottom: 10px;\n  font-weight: bold;\n}\n.team-carousel-shortcode.team-carousel-shortcode-id-bb9fed935559ac4075a7225f293ab84a  .team-media {\n  padding: 0px 0px 0px 0px;\n}\n.team-carousel-shortcode.team-carousel-shortcode-id-bb9fed935559ac4075a7225f293ab84a .team-content {\n  margin-bottom: 5px;\n}\n.team-carousel-shortcode.team-carousel-shortcode-id-bb9fed935559ac4075a7225f293ab84a  .team-media,\n.team-carousel-shortcode.team-carousel-shortcode-id-bb9fed935559ac4075a7225f293ab84a  .team-media a.rollover,\n.team-carousel-shortcode.team-carousel-shortcode-id-bb9fed935559ac4075a7225f293ab84a  .team-media a.rollover *,\n.team-carousel-shortcode.team-carousel-shortcode-id-bb9fed935559ac4075a7225f293ab84a  .team-media img {\n  border-radius: 200px;\n}\n.team-carousel-shortcode.team-carousel-shortcode-id-bb9fed935559ac4075a7225f293ab84a .soc-ico {\n  margin-bottom: 15px;\n}\n.team-carousel-shortcode.team-carousel-shortcode-id-bb9fed935559ac4075a7225f293ab84a .soc-ico a {\n  min-width: 26px;\n  min-height: 26px;\n  font-size: 16px;\n  border-radius: 100px;\n}\n.team-carousel-shortcode.team-carousel-shortcode-id-bb9fed935559ac4075a7225f293ab84a .soc-ico a:not(:last-child) {\n  margin-right: 4px;\n}\n.team-carousel-shortcode.team-carousel-shortcode-id-bb9fed935559ac4075a7225f293ab84a .soc-ico a:before,\n.team-carousel-shortcode.team-carousel-shortcode-id-bb9fed935559ac4075a7225f293ab84a .soc-ico a:after {\n  min-width: 26px;\n  min-height: 26px;\n  padding: inherit;\n}\n.dt-icon-border-on.team-carousel-shortcode.team-carousel-shortcode-id-bb9fed935559ac4075a7225f293ab84a .soc-ico a:before {\n  border: 0px solid transparent;\n}\n.team-carousel-shortcode.team-carousel-shortcode-id-bb9fed935559ac4075a7225f293ab84a .soc-ico a:hover {\n  font-size: 16px;\n}\n#page .team-carousel-shortcode.team-carousel-shortcode-id-bb9fed935559ac4075a7225f293ab84a .soc-ico a:hover .soc-font-icon {\n  color: rgba(255,255,255,0.75);\n  background: none;\n}\n.dt-icon-border-hover-on.team-carousel-shortcode.team-carousel-shortcode-id-bb9fed935559ac4075a7225f293ab84a .soc-ico a:after {\n  border: 0px solid transparent;\n}\n#page .team-carousel-shortcode.team-carousel-shortcode-id-bb9fed935559ac4075a7225f293ab84a .soc-ico a:not(:hover) .soc-font-icon {\n  color: #ffffff;\n  background: none;\n}\n.team-carousel-shortcode.team-carousel-shortcode-id-bb9fed935559ac4075a7225f293ab84a .soc-ico a .soc-font-icon {\n  font-size: 16px;\n}\n<\/style><div class=\"owl-carousel team-carousel-shortcode dt-team-shortcode dt-owl-carousel-call team-carousel-shortcode-id-bb9fed935559ac4075a7225f293ab84a content-align-center scale-img dt-icon-bg-on dt-arrow-border-on dt-arrow-hover-border-on dt-icon-border-on dt-icon-border-hover-on dt-icon-hover-bg-on bullets-small-dot-stroke reposition-arrows arrows-bg-on disable-arrows-hover-bg arrows-hover-bg-on  vc_custom_1699516592726 \" data-scroll-mode=\"1\" data-col-num=\"1\" data-wide-col-num=\"1\" data-laptop-col=\"1\" data-h-tablet-columns-num=\"1\" data-v-tablet-columns-num=\"1\" data-phone-columns-num=\"1\" data-auto-height=\"false\" data-col-gap=\"30\" data-stage-padding=\"0\" data-speed=\"600\" data-autoplay=\"false\" data-autoplay_speed=\"6000\" data-arrows=\"true\" data-bullet=\"true\" data-next-icon=\"icon-ar-017-r\" data-prev-icon=\"icon-ar-017-l\"><div class=\"team-container\"><div class=\"team-media\"><span><img fetchpriority=\"high\" decoding=\"async\" class=\"preload-me owl-lazy-load aspect\" src=\"data:image\/svg+xml,%3Csvg%20xmlns%3D&#39;http%3A%2F%2Fwww.w3.org%2F2000%2Fsvg&#39;%20viewBox%3D&#39;0%200%20300%20300&#39;%2F%3E\" data-src=\"https:\/\/lidhs.com\/wp-content\/uploads\/2023\/04\/claes_martinsson_sales_lidhstooling.jpg\" data-srcset=\"https:\/\/lidhs.com\/wp-content\/uploads\/2023\/04\/claes_martinsson_sales_lidhstooling.jpg 300w\" loading=\"eager\" style=\"--ratio: 300 \/ 300\" sizes=\"(max-width: 300px) 100vw, 300px\" width=\"300\" height=\"300\"  title=\"claes_martinsson_sales_lidhstooling\" alt=\"\" \/><\/span><\/div><div class=\"team-desc\"><div class=\"team-author\"><div class=\"team-author-name\">Claes Martinsson<\/div><p>Technical & Marketing   <\/p><\/div><div class=\"team-content\"><p>+4670-641 88 06<\/p>\n<\/div><div class=\"soc-ico\"><a title=\"E-mail\" href=\"mailto:claes.martinsson@lidhs.se\" target=\"_top\" class=\"mail\"><span class=\"soc-font-icon\"><\/span><span class=\"screen-reader-text\">E-mail<\/span><\/a><\/div><\/div><\/div><div class=\"team-container\"><div class=\"team-media\"><span><img decoding=\"async\" class=\"preload-me owl-lazy-load aspect\" src=\"data:image\/svg+xml,%3Csvg%20xmlns%3D&#39;http%3A%2F%2Fwww.w3.org%2F2000%2Fsvg&#39;%20viewBox%3D&#39;0%200%20300%20300&#39;%2F%3E\" data-src=\"https:\/\/lidhs.com\/wp-content\/uploads\/2023\/04\/per-ake_lundgren_projektledare_manager_sales_lidhstooling.jpg\" data-srcset=\"https:\/\/lidhs.com\/wp-content\/uploads\/2023\/04\/per-ake_lundgren_projektledare_manager_sales_lidhstooling.jpg 300w\" loading=\"eager\" style=\"--ratio: 300 \/ 300\" sizes=\"(max-width: 300px) 100vw, 300px\" width=\"300\" height=\"300\"  title=\"per-ake_lundgren_projektledare_manager_sales_lidhstooling\" alt=\"\" \/><\/span><\/div><div class=\"team-desc\"><div class=\"team-author\"><div class=\"team-author-name\">Per-\u00c5ke Lundgren<\/div><p>Projektledare & f\u00f6rs\u00e4ljning<\/p><\/div><div class=\"team-content\"><p>+4670-393 83 30<\/p>\n<\/div><div class=\"soc-ico\"><a title=\"E-mail\" href=\"mailto:per-ake.lundgren@lidhs.se\" target=\"_top\" class=\"mail\"><span class=\"soc-font-icon\"><\/span><span class=\"screen-reader-text\">E-mail<\/span><\/a><\/div><\/div><\/div><\/div>[\/vc_column][\/vc_row][\/vc_section][vc_row][vc_column][vc_empty_space][\/vc_column][\/vc_row][vc_row][vc_column][vc_separator][\/vc_column][\/vc_row][vc_section][vc_row][vc_column][vc_empty_space][\/vc_column][\/vc_row][vc_row][vc_column][vc_column_text]<\/p>\n<h3>L\u00e4s mer om service och underh\u00e5ll av verktyg<\/h3>\n<p>[\/vc_column_text][\/vc_column][\/vc_row][vc_row][vc_column][vc_empty_space][\/vc_column][\/vc_row][vc_row][vc_column][vc_basic_grid post_type=&#8221;ids&#8221; element_width=&#8221;6&#8243; item=&#8221;135&#8243; grid_id=&#8221;vc_gid:1725363251725-0e9202fd-8295-3&#8243; include=&#8221;229, 1883&#8243;][\/vc_column][\/vc_row][\/vc_section]<\/p>\n<\/div>","protected":false},"excerpt":{"rendered":"<p>[vc_section][vc_row gap=&#8221;30&#8243;][vc_column width=&#8221;3\/4&#8243;][vc_empty_space][vc_custom_heading text=&#8221;Hos oss p\u00e5 Lidhs kan du med andra ord f\u00e5 hj\u00e4lp med mycket mer \u00e4n verktygstillverkning.&#8221; font_container=&#8221;tag:p|font_size:24|text_align:left|color:%23444444|line_height:1.4%20em&#8221; google_fonts=&#8221;font_family:Lato%3A100%2C100italic%2C300%2C300italic%2Cregular%2Citalic%2C700%2C700italic%2C900%2C900italic|font_style:400%20regular%3A400%3Anormal&#8221;][vc_empty_space][vc_column_text]Lidhs Tooling \u00e4r en verktygstillverkare som erbjuder dig full service.<\/p>\n","protected":false},"author":2,"featured_media":0,"parent":0,"menu_order":0,"comment_status":"closed","ping_status":"closed","template":"","meta":{"footnotes":""},"class_list":["post-3271","page","type-page","status-publish","hentry","description-off"],"yoast_head":"<!-- This site is optimized with the Yoast SEO plugin v24.0 - https:\/\/yoast.com\/wordpress\/plugins\/seo\/ -->\n<title>Service agreement | Lidhs Tooling \u2013 F\u00f6rverkliga din id\u00e9!<\/title>\n<meta name=\"description\" content=\"%\" \/>\n<meta name=\"robots\" content=\"index, follow, max-snippet:-1, max-image-preview:large, max-video-preview:-1\" \/>\n<link rel=\"canonical\" href=\"https:\/\/lidhs.com\/en\/service-and-maintenance\/service_agreement\/\" \/>\n<meta property=\"og:locale\" content=\"en_US\" \/>\n<meta property=\"og:type\" content=\"article\" \/>\n<meta property=\"og:title\" content=\"Service agreement | Lidhs Tooling \u2013 F\u00f6rverkliga din id\u00e9!\" \/>\n<meta property=\"og:description\" content=\"%\" \/>\n<meta property=\"og:url\" content=\"https:\/\/lidhs.com\/en\/service-and-maintenance\/service_agreement\/\" \/>\n<meta property=\"og:site_name\" content=\"Lidhs Tooling\" \/>\n<meta property=\"article:publisher\" content=\"https:\/\/www.facebook.com\/Lidhs-Tooling-AB-269986813753507\/\" \/>\n<meta property=\"article:modified_time\" content=\"2024-09-03T11:37:12+00:00\" \/>\n<meta property=\"og:image\" content=\"https:\/\/lidhs.com\/wp-content\/uploads\/2023\/10\/lidhs-legotillverkning-avtalskund-kontakt-utvald-bild@2x.jpg\" \/>\n\t<meta property=\"og:image:width\" content=\"800\" \/>\n\t<meta property=\"og:image:height\" content=\"543\" \/>\n\t<meta property=\"og:image:type\" content=\"image\/jpeg\" \/>\n<meta name=\"twitter:card\" content=\"summary_large_image\" \/>\n<meta name=\"twitter:label1\" content=\"Est. reading time\" \/>\n\t<meta name=\"twitter:data1\" content=\"2 minutes\" \/>\n<script type=\"application\/ld+json\" class=\"yoast-schema-graph\">{\"@context\":\"https:\/\/schema.org\",\"@graph\":[{\"@type\":\"WebPage\",\"@id\":\"https:\/\/lidhs.com\/en\/service-and-maintenance\/service_agreement\/\",\"url\":\"https:\/\/lidhs.com\/en\/service-and-maintenance\/service_agreement\/\",\"name\":\"Service agreement | Lidhs Tooling \u2013 F\u00f6rverkliga din id\u00e9!\",\"isPartOf\":{\"@id\":\"https:\/\/lidhs.com\/#website\"},\"datePublished\":\"2023-10-02T14:16:40+00:00\",\"dateModified\":\"2024-09-03T11:37:12+00:00\",\"description\":\"%\",\"breadcrumb\":{\"@id\":\"https:\/\/lidhs.com\/en\/service-and-maintenance\/service_agreement\/#breadcrumb\"},\"inLanguage\":\"en-US\",\"potentialAction\":[{\"@type\":\"ReadAction\",\"target\":[\"https:\/\/lidhs.com\/en\/service-and-maintenance\/service_agreement\/\"]}]},{\"@type\":\"BreadcrumbList\",\"@id\":\"https:\/\/lidhs.com\/en\/service-and-maintenance\/service_agreement\/#breadcrumb\",\"itemListElement\":[{\"@type\":\"ListItem\",\"position\":1,\"name\":\"Hem\",\"item\":\"https:\/\/lidhs.com\/en\/\"},{\"@type\":\"ListItem\",\"position\":2,\"name\":\"Service and maintenance of tools\",\"item\":\"https:\/\/lidhs.com\/en\/service-and-maintenance\/\"},{\"@type\":\"ListItem\",\"position\":3,\"name\":\"Service agreement\"}]},{\"@type\":\"WebSite\",\"@id\":\"https:\/\/lidhs.com\/#website\",\"url\":\"https:\/\/lidhs.com\/\",\"name\":\"Lidhs Tooling\",\"description\":\"\u2013 F\u00f6rverkliga din id\u00e9!\",\"publisher\":{\"@id\":\"https:\/\/lidhs.com\/#organization\"},\"potentialAction\":[{\"@type\":\"SearchAction\",\"target\":{\"@type\":\"EntryPoint\",\"urlTemplate\":\"https:\/\/lidhs.com\/?s={search_term_string}\"},\"query-input\":{\"@type\":\"PropertyValueSpecification\",\"valueRequired\":true,\"valueName\":\"search_term_string\"}}],\"inLanguage\":\"en-US\"},{\"@type\":\"Organization\",\"@id\":\"https:\/\/lidhs.com\/#organization\",\"name\":\"Lidhs Tooling\",\"url\":\"https:\/\/lidhs.com\/\",\"logo\":{\"@type\":\"ImageObject\",\"inLanguage\":\"en-US\",\"@id\":\"https:\/\/lidhs.com\/#\/schema\/logo\/image\/\",\"url\":\"https:\/\/lidhs.com\/wp-content\/uploads\/2023\/11\/lidhs-logo-yoast.png\",\"contentUrl\":\"https:\/\/lidhs.com\/wp-content\/uploads\/2023\/11\/lidhs-logo-yoast.png\",\"width\":696,\"height\":696,\"caption\":\"Lidhs Tooling\"},\"image\":{\"@id\":\"https:\/\/lidhs.com\/#\/schema\/logo\/image\/\"},\"sameAs\":[\"https:\/\/www.facebook.com\/Lidhs-Tooling-AB-269986813753507\/\",\"https:\/\/www.linkedin.com\/company\/lidhs-tooling-ab\/?originalSubdomain=se\"]}]}<\/script>\n<!-- \/ Yoast SEO plugin. -->","yoast_head_json":{"title":"Service agreement | Lidhs Tooling \u2013 F\u00f6rverkliga din id\u00e9!","description":"%","robots":{"index":"index","follow":"follow","max-snippet":"max-snippet:-1","max-image-preview":"max-image-preview:large","max-video-preview":"max-video-preview:-1"},"canonical":"https:\/\/lidhs.com\/en\/service-and-maintenance\/service_agreement\/","og_locale":"en_US","og_type":"article","og_title":"Service agreement | Lidhs Tooling \u2013 F\u00f6rverkliga din id\u00e9!","og_description":"%","og_url":"https:\/\/lidhs.com\/en\/service-and-maintenance\/service_agreement\/","og_site_name":"Lidhs Tooling","article_publisher":"https:\/\/www.facebook.com\/Lidhs-Tooling-AB-269986813753507\/","article_modified_time":"2024-09-03T11:37:12+00:00","og_image":[{"width":800,"height":543,"url":"https:\/\/lidhs.com\/wp-content\/uploads\/2023\/10\/lidhs-legotillverkning-avtalskund-kontakt-utvald-bild@2x.jpg","type":"image\/jpeg"}],"twitter_card":"summary_large_image","twitter_misc":{"Est. reading time":"2 minutes"},"schema":{"@context":"https:\/\/schema.org","@graph":[{"@type":"WebPage","@id":"https:\/\/lidhs.com\/en\/service-and-maintenance\/service_agreement\/","url":"https:\/\/lidhs.com\/en\/service-and-maintenance\/service_agreement\/","name":"Service agreement | Lidhs Tooling \u2013 F\u00f6rverkliga din id\u00e9!","isPartOf":{"@id":"https:\/\/lidhs.com\/#website"},"datePublished":"2023-10-02T14:16:40+00:00","dateModified":"2024-09-03T11:37:12+00:00","description":"%","breadcrumb":{"@id":"https:\/\/lidhs.com\/en\/service-and-maintenance\/service_agreement\/#breadcrumb"},"inLanguage":"en-US","potentialAction":[{"@type":"ReadAction","target":["https:\/\/lidhs.com\/en\/service-and-maintenance\/service_agreement\/"]}]},{"@type":"BreadcrumbList","@id":"https:\/\/lidhs.com\/en\/service-and-maintenance\/service_agreement\/#breadcrumb","itemListElement":[{"@type":"ListItem","position":1,"name":"Hem","item":"https:\/\/lidhs.com\/en\/"},{"@type":"ListItem","position":2,"name":"Service and maintenance of tools","item":"https:\/\/lidhs.com\/en\/service-and-maintenance\/"},{"@type":"ListItem","position":3,"name":"Service agreement"}]},{"@type":"WebSite","@id":"https:\/\/lidhs.com\/#website","url":"https:\/\/lidhs.com\/","name":"Lidhs Tooling","description":"\u2013 F\u00f6rverkliga din id\u00e9!","publisher":{"@id":"https:\/\/lidhs.com\/#organization"},"potentialAction":[{"@type":"SearchAction","target":{"@type":"EntryPoint","urlTemplate":"https:\/\/lidhs.com\/?s={search_term_string}"},"query-input":{"@type":"PropertyValueSpecification","valueRequired":true,"valueName":"search_term_string"}}],"inLanguage":"en-US"},{"@type":"Organization","@id":"https:\/\/lidhs.com\/#organization","name":"Lidhs Tooling","url":"https:\/\/lidhs.com\/","logo":{"@type":"ImageObject","inLanguage":"en-US","@id":"https:\/\/lidhs.com\/#\/schema\/logo\/image\/","url":"https:\/\/lidhs.com\/wp-content\/uploads\/2023\/11\/lidhs-logo-yoast.png","contentUrl":"https:\/\/lidhs.com\/wp-content\/uploads\/2023\/11\/lidhs-logo-yoast.png","width":696,"height":696,"caption":"Lidhs Tooling"},"image":{"@id":"https:\/\/lidhs.com\/#\/schema\/logo\/image\/"},"sameAs":["https:\/\/www.facebook.com\/Lidhs-Tooling-AB-269986813753507\/","https:\/\/www.linkedin.com\/company\/lidhs-tooling-ab\/?originalSubdomain=se"]}]}},"_links":{"self":[{"href":"https:\/\/lidhs.com\/en\/wp-json\/wp\/v2\/pages\/3271","targetHints":{"allow":["GET"]}}],"collection":[{"href":"https:\/\/lidhs.com\/en\/wp-json\/wp\/v2\/pages"}],"about":[{"href":"https:\/\/lidhs.com\/en\/wp-json\/wp\/v2\/types\/page"}],"author":[{"embeddable":true,"href":"https:\/\/lidhs.com\/en\/wp-json\/wp\/v2\/users\/2"}],"replies":[{"embeddable":true,"href":"https:\/\/lidhs.com\/en\/wp-json\/wp\/v2\/comments?post=3271"}],"version-history":[{"count":3,"href":"https:\/\/lidhs.com\/en\/wp-json\/wp\/v2\/pages\/3271\/revisions"}],"predecessor-version":[{"id":3275,"href":"https:\/\/lidhs.com\/en\/wp-json\/wp\/v2\/pages\/3271\/revisions\/3275"}],"wp:attachment":[{"href":"https:\/\/lidhs.com\/en\/wp-json\/wp\/v2\/media?parent=3271"}],"curies":[{"name":"wp","href":"https:\/\/api.w.org\/{rel}","templated":true}]}}