{"id":2967,"date":"2023-04-05T10:04:21","date_gmt":"2023-04-05T08:04:21","guid":{"rendered":"https:\/\/lidhs.com\/?page_id=2967"},"modified":"2024-12-03T12:33:02","modified_gmt":"2024-12-03T11:33:02","slug":"sheet-metal-forming-simulation","status":"publish","type":"page","link":"https:\/\/lidhs.com\/en\/tool-manufacturer\/sheet-metal-forming-simulation\/","title":{"rendered":"Sheet metal forming simulation"},"content":{"rendered":"<div class=\"wpb-content-wrapper\"><p>[vc_section][vc_row gap=&#8221;30&#8243;][vc_column width=&#8221;2\/3&#8243;][vc_column_text]<\/p>\n<h1>Sheet metal forming simulation \u2013 for an efficient, quality-assured process<\/h1>\n<p>[\/vc_column_text][vc_empty_space height=&#8221;40px&#8221;][vc_column_text]Lidhs is a tool manufacturer specialising in sheet metal forming simulation. Through simulation, we have developed a quality-assured and cost-effective process that reduces both time and material consumption. This, in turn, enables us to be a toolmaker that contributes to a more sustainable manufacturing industry.<\/p>\n<p>&nbsp;<\/p>\n<p>Lidhs utilises Autoform and RD&amp;T software platforms for sheet metal forming simulation. We simulate all our tools in these programs \u2013 everything from forming tools to transfer tools and cutting tools. By simulating each sheet metal tool before production begins, we can effectively predict what will happen at each step of the toolmaking process and prevent any deviations.<\/p>\n<p>&nbsp;<\/p>\n<h2>From 3D model to finished tool<\/h2>\n<p>Our sheet metal forming simulation starts with a 3D model and requirement specification from the customer. Simulation is then carried out based on this, providing an indication of manufacturability and material consumption. The designers then take over and start designing the tool. More and increasingly thorough simulations are carried out during the design process. Using sheet metal forming simulation, we can predict whether any part of the metal will become too thick, too thin, or if the material will crack. If any flaws are found, these are adjusted, and the simulation is repeated. Once the sheet metal tool solution meets the requirement specification, it is passed on to production where the tool parts are manufactured and assembled into the finished tool. The tool is then ready for use.<\/p>\n<p>&nbsp;<\/p>\n<p>At Lidhs, we\u2019re committed to advancing sustainability in Swedish industry \u2013 a vision we share with many of our customers. For this reason, simulation plays a vital role in our manufacturing process. Our simulation technology ensures the delivery of high-quality tools designed for long-term performance in industrial environments.[\/vc_column_text][\/vc_column][vc_column width=&#8221;1\/3&#8243;][vc_single_image image=&#8221;2673&#8243; img_size=&#8221;full&#8221;][\/vc_column][\/vc_row][vc_row][vc_column][vc_empty_space height=&#8221;64px&#8221;][\/vc_column][\/vc_row][vc_row bg_type=&#8221;u_iframe&#8221; u_video_url=&#8221;https:\/\/www.youtube.com\/watch?v=spnSCo7x2mg&#8221; video_opts=&#8221;loop,muted&#8221; video_poster=&#8221;id^1250|url^https:\/\/lidhs.com\/wp-content\/uploads\/2023\/09\/lidhs-formsimulering-utvald-bild.jpg|caption^null|alt^null|title^lidhs-formsimulering-utvald-bild|description^null&#8221; bg_override=&#8221;full&#8221; enable_overlay=&#8221;enable_overlay_value&#8221; overlay_color=&#8221;rgba(0,79,159,0.48)&#8221; overlay_pattern=&#8221;transperant&#8221; css=&#8221;.vc_custom_1697713841203{padding-top: 100px !important;padding-bottom: 100px !important;}&#8221;][vc_column][vc_column_text]<\/p>\n<h1><span style=\"color: #ffffff;\">&#8220;The simulation allows us to save both time and materials, which increases the sustainability of our tool manufacturing.&#8221;<\/span><\/h1>\n<p>[\/vc_column_text][\/vc_column][\/vc_row][vc_row][vc_column][vc_empty_space height=&#8221;64px&#8221;][\/vc_column][\/vc_row][vc_row][vc_column][vc_row_inner][vc_column_inner][vc_column_text]<\/p>\n<h3 class=\"wpb_heading wpb_video_heading\">Watch the entire film about Lidhs simulation<\/h3>\n<p>[\/vc_column_text][vc_empty_space][vc_video link=&#8221;https:\/\/www.youtube.com\/watch?v=spnSCo7x2mg&#8221;][\/vc_column_inner][\/vc_row_inner][\/vc_column][\/vc_row][\/vc_section][vc_row][vc_column][vc_empty_space height=&#8221;64px&#8221;][\/vc_column][\/vc_row]<\/p>\n<\/div>","protected":false},"excerpt":{"rendered":"<p>[vc_section][vc_row gap=&#8221;30&#8243;][vc_column width=&#8221;2\/3&#8243;][vc_column_text] Sheet metal forming simulation \u2013 for an efficient, quality-assured process [\/vc_column_text][vc_empty_space height=&#8221;40px&#8221;][vc_column_text]Lidhs is a tool manufacturer specialising in sheet metal forming simulation. Through simulation, we have developed a quality-assured and cost-effective process that reduces both time and material consumption. This, in turn, enables us to be a toolmaker that contributes to a&hellip;<\/p>\n","protected":false},"author":2,"featured_media":2673,"parent":2962,"menu_order":0,"comment_status":"closed","ping_status":"closed","template":"","meta":{"footnotes":""},"class_list":["post-2967","page","type-page","status-publish","has-post-thumbnail","hentry","description-off"],"yoast_head":"<!-- This site is optimized with the Yoast SEO plugin v24.0 - https:\/\/yoast.com\/wordpress\/plugins\/seo\/ -->\n<title>Sheet metal forming simulation | Lidhs Tooling \u2013 Turn your idea into reality!<\/title>\n<meta name=\"description\" content=\"Simulation allows us to see what will happen at every step of the way and prevent deviations | Lidhs Tooling | Sweden\u2019s leading toolmaker!\" \/>\n<meta name=\"robots\" content=\"index, follow, max-snippet:-1, max-image-preview:large, max-video-preview:-1\" \/>\n<link rel=\"canonical\" href=\"https:\/\/lidhs.com\/en\/tool-manufacturer\/sheet-metal-forming-simulation\/\" \/>\n<meta property=\"og:locale\" content=\"en_US\" \/>\n<meta property=\"og:type\" content=\"article\" \/>\n<meta property=\"og:title\" content=\"Sheet metal forming simulation | Lidhs Tooling \u2013 Turn your idea into reality!\" \/>\n<meta property=\"og:description\" content=\"Simulation allows us to see what will happen at every step of the way and prevent deviations | Lidhs Tooling | Sweden\u2019s leading toolmaker!\" \/>\n<meta property=\"og:url\" content=\"https:\/\/lidhs.com\/en\/tool-manufacturer\/sheet-metal-forming-simulation\/\" \/>\n<meta property=\"og:site_name\" content=\"Lidhs Tooling\" \/>\n<meta property=\"article:publisher\" content=\"https:\/\/www.facebook.com\/Lidhs-Tooling-AB-269986813753507\/\" \/>\n<meta property=\"article:modified_time\" content=\"2024-12-03T11:33:02+00:00\" \/>\n<meta property=\"og:image\" content=\"https:\/\/lidhs.com\/wp-content\/uploads\/2023\/04\/Lidhs-Dalstorp_Simulering_266.jpg\" \/>\n\t<meta property=\"og:image:width\" content=\"400\" \/>\n\t<meta property=\"og:image:height\" content=\"267\" \/>\n\t<meta property=\"og:image:type\" content=\"image\/jpeg\" \/>\n<meta name=\"twitter:card\" content=\"summary_large_image\" \/>\n<meta name=\"twitter:label1\" content=\"Est. reading time\" \/>\n\t<meta name=\"twitter:data1\" content=\"2 minutes\" \/>\n<script type=\"application\/ld+json\" class=\"yoast-schema-graph\">{\"@context\":\"https:\/\/schema.org\",\"@graph\":[{\"@type\":\"WebPage\",\"@id\":\"https:\/\/lidhs.com\/en\/tool-manufacturer\/sheet-metal-forming-simulation\/\",\"url\":\"https:\/\/lidhs.com\/en\/tool-manufacturer\/sheet-metal-forming-simulation\/\",\"name\":\"Sheet metal forming simulation | Lidhs Tooling \u2013 Turn your idea into reality!\",\"isPartOf\":{\"@id\":\"https:\/\/lidhs.com\/#website\"},\"primaryImageOfPage\":{\"@id\":\"https:\/\/lidhs.com\/en\/tool-manufacturer\/sheet-metal-forming-simulation\/#primaryimage\"},\"image\":{\"@id\":\"https:\/\/lidhs.com\/en\/tool-manufacturer\/sheet-metal-forming-simulation\/#primaryimage\"},\"thumbnailUrl\":\"https:\/\/lidhs.com\/wp-content\/uploads\/2023\/04\/Lidhs-Dalstorp_Simulering_266.jpg\",\"datePublished\":\"2023-04-05T08:04:21+00:00\",\"dateModified\":\"2024-12-03T11:33:02+00:00\",\"description\":\"Simulation allows us to see what will happen at every step of the way and prevent deviations | Lidhs Tooling | Sweden\u2019s leading toolmaker!\",\"breadcrumb\":{\"@id\":\"https:\/\/lidhs.com\/en\/tool-manufacturer\/sheet-metal-forming-simulation\/#breadcrumb\"},\"inLanguage\":\"en-US\",\"potentialAction\":[{\"@type\":\"ReadAction\",\"target\":[\"https:\/\/lidhs.com\/en\/tool-manufacturer\/sheet-metal-forming-simulation\/\"]}]},{\"@type\":\"ImageObject\",\"inLanguage\":\"en-US\",\"@id\":\"https:\/\/lidhs.com\/en\/tool-manufacturer\/sheet-metal-forming-simulation\/#primaryimage\",\"url\":\"https:\/\/lidhs.com\/wp-content\/uploads\/2023\/04\/Lidhs-Dalstorp_Simulering_266.jpg\",\"contentUrl\":\"https:\/\/lidhs.com\/wp-content\/uploads\/2023\/04\/Lidhs-Dalstorp_Simulering_266.jpg\",\"width\":400,\"height\":267,\"caption\":\"Medarbetare j\u00e4mf\u00f6r tillverkad pl\u00e5tdetalj med simuleringen\"},{\"@type\":\"BreadcrumbList\",\"@id\":\"https:\/\/lidhs.com\/en\/tool-manufacturer\/sheet-metal-forming-simulation\/#breadcrumb\",\"itemListElement\":[{\"@type\":\"ListItem\",\"position\":1,\"name\":\"Hem\",\"item\":\"https:\/\/lidhs.com\/en\/\"},{\"@type\":\"ListItem\",\"position\":2,\"name\":\"Tool manufacturer\",\"item\":\"https:\/\/lidhs.com\/en\/tool-manufacturer\/\"},{\"@type\":\"ListItem\",\"position\":3,\"name\":\"Sheet metal forming simulation\"}]},{\"@type\":\"WebSite\",\"@id\":\"https:\/\/lidhs.com\/#website\",\"url\":\"https:\/\/lidhs.com\/\",\"name\":\"Lidhs Tooling\",\"description\":\"\u2013 F\u00f6rverkliga din id\u00e9!\",\"publisher\":{\"@id\":\"https:\/\/lidhs.com\/#organization\"},\"potentialAction\":[{\"@type\":\"SearchAction\",\"target\":{\"@type\":\"EntryPoint\",\"urlTemplate\":\"https:\/\/lidhs.com\/?s={search_term_string}\"},\"query-input\":{\"@type\":\"PropertyValueSpecification\",\"valueRequired\":true,\"valueName\":\"search_term_string\"}}],\"inLanguage\":\"en-US\"},{\"@type\":\"Organization\",\"@id\":\"https:\/\/lidhs.com\/#organization\",\"name\":\"Lidhs Tooling\",\"url\":\"https:\/\/lidhs.com\/\",\"logo\":{\"@type\":\"ImageObject\",\"inLanguage\":\"en-US\",\"@id\":\"https:\/\/lidhs.com\/#\/schema\/logo\/image\/\",\"url\":\"https:\/\/lidhs.com\/wp-content\/uploads\/2023\/11\/lidhs-logo-yoast.png\",\"contentUrl\":\"https:\/\/lidhs.com\/wp-content\/uploads\/2023\/11\/lidhs-logo-yoast.png\",\"width\":696,\"height\":696,\"caption\":\"Lidhs Tooling\"},\"image\":{\"@id\":\"https:\/\/lidhs.com\/#\/schema\/logo\/image\/\"},\"sameAs\":[\"https:\/\/www.facebook.com\/Lidhs-Tooling-AB-269986813753507\/\",\"https:\/\/www.linkedin.com\/company\/lidhs-tooling-ab\/?originalSubdomain=se\"]}]}<\/script>\n<!-- \/ Yoast SEO plugin. -->","yoast_head_json":{"title":"Sheet metal forming simulation | Lidhs Tooling \u2013 Turn your idea into reality!","description":"Simulation allows us to see what will happen at every step of the way and prevent deviations | Lidhs Tooling | Sweden\u2019s leading toolmaker!","robots":{"index":"index","follow":"follow","max-snippet":"max-snippet:-1","max-image-preview":"max-image-preview:large","max-video-preview":"max-video-preview:-1"},"canonical":"https:\/\/lidhs.com\/en\/tool-manufacturer\/sheet-metal-forming-simulation\/","og_locale":"en_US","og_type":"article","og_title":"Sheet metal forming simulation | Lidhs Tooling \u2013 Turn your idea into reality!","og_description":"Simulation allows us to see what will happen at every step of the way and prevent deviations | Lidhs Tooling | Sweden\u2019s leading toolmaker!","og_url":"https:\/\/lidhs.com\/en\/tool-manufacturer\/sheet-metal-forming-simulation\/","og_site_name":"Lidhs Tooling","article_publisher":"https:\/\/www.facebook.com\/Lidhs-Tooling-AB-269986813753507\/","article_modified_time":"2024-12-03T11:33:02+00:00","og_image":[{"width":400,"height":267,"url":"https:\/\/lidhs.com\/wp-content\/uploads\/2023\/04\/Lidhs-Dalstorp_Simulering_266.jpg","type":"image\/jpeg"}],"twitter_card":"summary_large_image","twitter_misc":{"Est. reading time":"2 minutes"},"schema":{"@context":"https:\/\/schema.org","@graph":[{"@type":"WebPage","@id":"https:\/\/lidhs.com\/en\/tool-manufacturer\/sheet-metal-forming-simulation\/","url":"https:\/\/lidhs.com\/en\/tool-manufacturer\/sheet-metal-forming-simulation\/","name":"Sheet metal forming simulation | Lidhs Tooling \u2013 Turn your idea into reality!","isPartOf":{"@id":"https:\/\/lidhs.com\/#website"},"primaryImageOfPage":{"@id":"https:\/\/lidhs.com\/en\/tool-manufacturer\/sheet-metal-forming-simulation\/#primaryimage"},"image":{"@id":"https:\/\/lidhs.com\/en\/tool-manufacturer\/sheet-metal-forming-simulation\/#primaryimage"},"thumbnailUrl":"https:\/\/lidhs.com\/wp-content\/uploads\/2023\/04\/Lidhs-Dalstorp_Simulering_266.jpg","datePublished":"2023-04-05T08:04:21+00:00","dateModified":"2024-12-03T11:33:02+00:00","description":"Simulation allows us to see what will happen at every step of the way and prevent deviations | Lidhs Tooling | Sweden\u2019s leading toolmaker!","breadcrumb":{"@id":"https:\/\/lidhs.com\/en\/tool-manufacturer\/sheet-metal-forming-simulation\/#breadcrumb"},"inLanguage":"en-US","potentialAction":[{"@type":"ReadAction","target":["https:\/\/lidhs.com\/en\/tool-manufacturer\/sheet-metal-forming-simulation\/"]}]},{"@type":"ImageObject","inLanguage":"en-US","@id":"https:\/\/lidhs.com\/en\/tool-manufacturer\/sheet-metal-forming-simulation\/#primaryimage","url":"https:\/\/lidhs.com\/wp-content\/uploads\/2023\/04\/Lidhs-Dalstorp_Simulering_266.jpg","contentUrl":"https:\/\/lidhs.com\/wp-content\/uploads\/2023\/04\/Lidhs-Dalstorp_Simulering_266.jpg","width":400,"height":267,"caption":"Medarbetare j\u00e4mf\u00f6r tillverkad pl\u00e5tdetalj med simuleringen"},{"@type":"BreadcrumbList","@id":"https:\/\/lidhs.com\/en\/tool-manufacturer\/sheet-metal-forming-simulation\/#breadcrumb","itemListElement":[{"@type":"ListItem","position":1,"name":"Hem","item":"https:\/\/lidhs.com\/en\/"},{"@type":"ListItem","position":2,"name":"Tool manufacturer","item":"https:\/\/lidhs.com\/en\/tool-manufacturer\/"},{"@type":"ListItem","position":3,"name":"Sheet metal forming simulation"}]},{"@type":"WebSite","@id":"https:\/\/lidhs.com\/#website","url":"https:\/\/lidhs.com\/","name":"Lidhs Tooling","description":"\u2013 F\u00f6rverkliga din id\u00e9!","publisher":{"@id":"https:\/\/lidhs.com\/#organization"},"potentialAction":[{"@type":"SearchAction","target":{"@type":"EntryPoint","urlTemplate":"https:\/\/lidhs.com\/?s={search_term_string}"},"query-input":{"@type":"PropertyValueSpecification","valueRequired":true,"valueName":"search_term_string"}}],"inLanguage":"en-US"},{"@type":"Organization","@id":"https:\/\/lidhs.com\/#organization","name":"Lidhs Tooling","url":"https:\/\/lidhs.com\/","logo":{"@type":"ImageObject","inLanguage":"en-US","@id":"https:\/\/lidhs.com\/#\/schema\/logo\/image\/","url":"https:\/\/lidhs.com\/wp-content\/uploads\/2023\/11\/lidhs-logo-yoast.png","contentUrl":"https:\/\/lidhs.com\/wp-content\/uploads\/2023\/11\/lidhs-logo-yoast.png","width":696,"height":696,"caption":"Lidhs Tooling"},"image":{"@id":"https:\/\/lidhs.com\/#\/schema\/logo\/image\/"},"sameAs":["https:\/\/www.facebook.com\/Lidhs-Tooling-AB-269986813753507\/","https:\/\/www.linkedin.com\/company\/lidhs-tooling-ab\/?originalSubdomain=se"]}]}},"_links":{"self":[{"href":"https:\/\/lidhs.com\/en\/wp-json\/wp\/v2\/pages\/2967","targetHints":{"allow":["GET"]}}],"collection":[{"href":"https:\/\/lidhs.com\/en\/wp-json\/wp\/v2\/pages"}],"about":[{"href":"https:\/\/lidhs.com\/en\/wp-json\/wp\/v2\/types\/page"}],"author":[{"embeddable":true,"href":"https:\/\/lidhs.com\/en\/wp-json\/wp\/v2\/users\/2"}],"replies":[{"embeddable":true,"href":"https:\/\/lidhs.com\/en\/wp-json\/wp\/v2\/comments?post=2967"}],"version-history":[{"count":14,"href":"https:\/\/lidhs.com\/en\/wp-json\/wp\/v2\/pages\/2967\/revisions"}],"predecessor-version":[{"id":4017,"href":"https:\/\/lidhs.com\/en\/wp-json\/wp\/v2\/pages\/2967\/revisions\/4017"}],"up":[{"embeddable":true,"href":"https:\/\/lidhs.com\/en\/wp-json\/wp\/v2\/pages\/2962"}],"wp:featuredmedia":[{"embeddable":true,"href":"https:\/\/lidhs.com\/en\/wp-json\/wp\/v2\/media\/2673"}],"wp:attachment":[{"href":"https:\/\/lidhs.com\/en\/wp-json\/wp\/v2\/media?parent=2967"}],"curies":[{"name":"wp","href":"https:\/\/api.w.org\/{rel}","templated":true}]}}