{"id":2859,"date":"2023-04-13T11:29:25","date_gmt":"2023-04-13T09:29:25","guid":{"rendered":"https:\/\/lidhs.com\/?page_id=2859"},"modified":"2024-11-26T11:13:41","modified_gmt":"2024-11-26T10:13:41","slug":"our-history","status":"publish","type":"page","link":"https:\/\/lidhs.com\/en\/about-us\/our-history\/","title":{"rendered":"Our history"},"content":{"rendered":"<div class=\"wpb-content-wrapper\"><p>[vc_section][vc_row gap=&#8221;20&#8243;][vc_column width=&#8221;2\/3&#8243;][vc_column_text]<\/p>\n<h1>Lidhs\u2019 history \u2013 More than 50 years of experience in tool manufacturing<\/h1>\n<p>[\/vc_column_text][vc_empty_space height=&#8221;40px&#8221;][vc_column_text]Lidhs Tooling is a tool manufacturer with extensive experience. Our story starts in 1969, when Bertil Lidh founded the company in Dalstorp. Fifty plus years later, and we\u2019re still here! We manufacture tools for the manufacturing engineering industry, which means that we have a broad customer base within Swedish industry. Examples of our customers include companies in the furniture industry, the automotive industry and the white goods industry.<\/p>\n<p>&nbsp;<\/p>\n<p>We have always worked with tool manufacturing at Lidhs, but the process has changed over the years. When the company was founded, the designers drew on drawing boards, and to get the punches right, they had to be filed by hand. New machines and techniques have come along over the years which have made for more efficient and accurate tool manufacturing. The computer has replaced the drawing board, and we have become experts in simulation. We simulate all tools before production for greater efficiency and sustainability in the manufacturing process.<\/p>\n<p>&nbsp;<\/p>\n<p>We have continued to grow from day one, and today, we are the leading tool manufacturer in Northern Europe. However, our story has only just begun; the tool industry is an industry of the future, and at Lidhs Tooling we\u2019re future-ready![\/vc_column_text][\/vc_column][vc_column width=&#8221;1\/3&#8243;][vc_single_image image=&#8221;3658&#8243; img_size=&#8221;full&#8221;][\/vc_column][\/vc_row][\/vc_section][vc_row][vc_column][vc_empty_space height=&#8221;64px&#8221;][\/vc_column][\/vc_row][vc_row][vc_column][vc_basic_grid post_type=&#8221;ids&#8221; element_width=&#8221;6&#8243; item=&#8221;135&#8243; grid_id=&#8221;vc_gid:1732615990142-211dffbb-e0f2-7&#8243; include=&#8221;260, 238&#8243;][\/vc_column][\/vc_row]<\/p>\n<\/div>","protected":false},"excerpt":{"rendered":"<p>[vc_section][vc_row gap=&#8221;20&#8243;][vc_column width=&#8221;2\/3&#8243;][vc_column_text] Lidhs\u2019 history \u2013 More than 50 years of experience in tool manufacturing [\/vc_column_text][vc_empty_space height=&#8221;40px&#8221;][vc_column_text]Lidhs Tooling is a tool manufacturer with extensive experience. Our story starts in 1969, when Bertil Lidh founded the company in Dalstorp. Fifty plus years later, and we\u2019re still here! We manufacture tools for the manufacturing engineering industry, which&hellip;<\/p>\n","protected":false},"author":2,"featured_media":2786,"parent":2843,"menu_order":0,"comment_status":"closed","ping_status":"closed","template":"","meta":{"footnotes":""},"class_list":["post-2859","page","type-page","status-publish","has-post-thumbnail","hentry","description-off"],"yoast_head":"<!-- This site is optimized with the Yoast SEO plugin v24.0 - https:\/\/yoast.com\/wordpress\/plugins\/seo\/ -->\n<title>Our history | Lidhs Tooling - Turn your idea into reality!<\/title>\n<meta name=\"description\" content=\"Our history dates back to 1969, giving us more than 50 years of experience in tool manufacturing | Lidhs Tooling | Sweden\u2019s leading tool manufacturer!\" \/>\n<meta name=\"robots\" content=\"index, follow, max-snippet:-1, max-image-preview:large, max-video-preview:-1\" \/>\n<link rel=\"canonical\" href=\"https:\/\/lidhs.com\/en\/about-us\/our-history\/\" \/>\n<meta property=\"og:locale\" content=\"en_US\" \/>\n<meta property=\"og:type\" content=\"article\" \/>\n<meta property=\"og:title\" content=\"Our history | Lidhs Tooling - Turn your idea into reality!\" \/>\n<meta property=\"og:description\" content=\"Our history dates back to 1969, giving us more than 50 years of experience in tool manufacturing | Lidhs Tooling | Sweden\u2019s leading tool manufacturer!\" \/>\n<meta property=\"og:url\" content=\"https:\/\/lidhs.com\/en\/about-us\/our-history\/\" \/>\n<meta property=\"og:site_name\" content=\"Lidhs Tooling\" \/>\n<meta property=\"article:publisher\" content=\"https:\/\/www.facebook.com\/Lidhs-Tooling-AB-269986813753507\/\" \/>\n<meta property=\"article:modified_time\" content=\"2024-11-26T10:13:41+00:00\" \/>\n<meta property=\"og:image\" content=\"https:\/\/lidhs.com\/wp-content\/uploads\/2023\/10\/lidhs-tooling-var-historia-utvald-bild.jpg\" \/>\n\t<meta property=\"og:image:width\" content=\"800\" \/>\n\t<meta property=\"og:image:height\" content=\"543\" \/>\n\t<meta property=\"og:image:type\" content=\"image\/jpeg\" \/>\n<meta name=\"twitter:card\" content=\"summary_large_image\" \/>\n<meta name=\"twitter:label1\" content=\"Est. reading time\" \/>\n\t<meta name=\"twitter:data1\" content=\"2 minutes\" \/>\n<script type=\"application\/ld+json\" class=\"yoast-schema-graph\">{\"@context\":\"https:\/\/schema.org\",\"@graph\":[{\"@type\":\"WebPage\",\"@id\":\"https:\/\/lidhs.com\/en\/about-us\/our-history\/\",\"url\":\"https:\/\/lidhs.com\/en\/about-us\/our-history\/\",\"name\":\"Our history | Lidhs Tooling - Turn your idea into reality!\",\"isPartOf\":{\"@id\":\"https:\/\/lidhs.com\/#website\"},\"primaryImageOfPage\":{\"@id\":\"https:\/\/lidhs.com\/en\/about-us\/our-history\/#primaryimage\"},\"image\":{\"@id\":\"https:\/\/lidhs.com\/en\/about-us\/our-history\/#primaryimage\"},\"thumbnailUrl\":\"https:\/\/lidhs.com\/wp-content\/uploads\/2023\/10\/lidhs-tooling-var-historia-utvald-bild.jpg\",\"datePublished\":\"2023-04-13T09:29:25+00:00\",\"dateModified\":\"2024-11-26T10:13:41+00:00\",\"description\":\"Our history dates back to 1969, giving us more than 50 years of experience in tool manufacturing | Lidhs Tooling | Sweden\u2019s leading tool manufacturer!\",\"breadcrumb\":{\"@id\":\"https:\/\/lidhs.com\/en\/about-us\/our-history\/#breadcrumb\"},\"inLanguage\":\"en-US\",\"potentialAction\":[{\"@type\":\"ReadAction\",\"target\":[\"https:\/\/lidhs.com\/en\/about-us\/our-history\/\"]}]},{\"@type\":\"ImageObject\",\"inLanguage\":\"en-US\",\"@id\":\"https:\/\/lidhs.com\/en\/about-us\/our-history\/#primaryimage\",\"url\":\"https:\/\/lidhs.com\/wp-content\/uploads\/2023\/10\/lidhs-tooling-var-historia-utvald-bild.jpg\",\"contentUrl\":\"https:\/\/lidhs.com\/wp-content\/uploads\/2023\/10\/lidhs-tooling-var-historia-utvald-bild.jpg\",\"width\":800,\"height\":543,\"caption\":\"Dr\u00f6narbild \u00f6ver Lidhs Tooling byggnad och milj\u00f6\"},{\"@type\":\"BreadcrumbList\",\"@id\":\"https:\/\/lidhs.com\/en\/about-us\/our-history\/#breadcrumb\",\"itemListElement\":[{\"@type\":\"ListItem\",\"position\":1,\"name\":\"Hem\",\"item\":\"https:\/\/lidhs.com\/en\/\"},{\"@type\":\"ListItem\",\"position\":2,\"name\":\"About us\",\"item\":\"https:\/\/lidhs.com\/en\/about-us\/\"},{\"@type\":\"ListItem\",\"position\":3,\"name\":\"Our history\"}]},{\"@type\":\"WebSite\",\"@id\":\"https:\/\/lidhs.com\/#website\",\"url\":\"https:\/\/lidhs.com\/\",\"name\":\"Lidhs Tooling\",\"description\":\"\u2013 F\u00f6rverkliga din id\u00e9!\",\"publisher\":{\"@id\":\"https:\/\/lidhs.com\/#organization\"},\"potentialAction\":[{\"@type\":\"SearchAction\",\"target\":{\"@type\":\"EntryPoint\",\"urlTemplate\":\"https:\/\/lidhs.com\/?s={search_term_string}\"},\"query-input\":{\"@type\":\"PropertyValueSpecification\",\"valueRequired\":true,\"valueName\":\"search_term_string\"}}],\"inLanguage\":\"en-US\"},{\"@type\":\"Organization\",\"@id\":\"https:\/\/lidhs.com\/#organization\",\"name\":\"Lidhs Tooling\",\"url\":\"https:\/\/lidhs.com\/\",\"logo\":{\"@type\":\"ImageObject\",\"inLanguage\":\"en-US\",\"@id\":\"https:\/\/lidhs.com\/#\/schema\/logo\/image\/\",\"url\":\"https:\/\/lidhs.com\/wp-content\/uploads\/2023\/11\/lidhs-logo-yoast.png\",\"contentUrl\":\"https:\/\/lidhs.com\/wp-content\/uploads\/2023\/11\/lidhs-logo-yoast.png\",\"width\":696,\"height\":696,\"caption\":\"Lidhs Tooling\"},\"image\":{\"@id\":\"https:\/\/lidhs.com\/#\/schema\/logo\/image\/\"},\"sameAs\":[\"https:\/\/www.facebook.com\/Lidhs-Tooling-AB-269986813753507\/\",\"https:\/\/www.linkedin.com\/company\/lidhs-tooling-ab\/?originalSubdomain=se\"]}]}<\/script>\n<!-- \/ Yoast SEO plugin. -->","yoast_head_json":{"title":"Our history | Lidhs Tooling - Turn your idea into reality!","description":"Our history dates back to 1969, giving us more than 50 years of experience in tool manufacturing | Lidhs Tooling | Sweden\u2019s leading tool manufacturer!","robots":{"index":"index","follow":"follow","max-snippet":"max-snippet:-1","max-image-preview":"max-image-preview:large","max-video-preview":"max-video-preview:-1"},"canonical":"https:\/\/lidhs.com\/en\/about-us\/our-history\/","og_locale":"en_US","og_type":"article","og_title":"Our history | Lidhs Tooling - Turn your idea into reality!","og_description":"Our history dates back to 1969, giving us more than 50 years of experience in tool manufacturing | Lidhs Tooling | Sweden\u2019s leading tool manufacturer!","og_url":"https:\/\/lidhs.com\/en\/about-us\/our-history\/","og_site_name":"Lidhs Tooling","article_publisher":"https:\/\/www.facebook.com\/Lidhs-Tooling-AB-269986813753507\/","article_modified_time":"2024-11-26T10:13:41+00:00","og_image":[{"width":800,"height":543,"url":"https:\/\/lidhs.com\/wp-content\/uploads\/2023\/10\/lidhs-tooling-var-historia-utvald-bild.jpg","type":"image\/jpeg"}],"twitter_card":"summary_large_image","twitter_misc":{"Est. reading time":"2 minutes"},"schema":{"@context":"https:\/\/schema.org","@graph":[{"@type":"WebPage","@id":"https:\/\/lidhs.com\/en\/about-us\/our-history\/","url":"https:\/\/lidhs.com\/en\/about-us\/our-history\/","name":"Our history | Lidhs Tooling - Turn your idea into reality!","isPartOf":{"@id":"https:\/\/lidhs.com\/#website"},"primaryImageOfPage":{"@id":"https:\/\/lidhs.com\/en\/about-us\/our-history\/#primaryimage"},"image":{"@id":"https:\/\/lidhs.com\/en\/about-us\/our-history\/#primaryimage"},"thumbnailUrl":"https:\/\/lidhs.com\/wp-content\/uploads\/2023\/10\/lidhs-tooling-var-historia-utvald-bild.jpg","datePublished":"2023-04-13T09:29:25+00:00","dateModified":"2024-11-26T10:13:41+00:00","description":"Our history dates back to 1969, giving us more than 50 years of experience in tool manufacturing | Lidhs Tooling | Sweden\u2019s leading tool manufacturer!","breadcrumb":{"@id":"https:\/\/lidhs.com\/en\/about-us\/our-history\/#breadcrumb"},"inLanguage":"en-US","potentialAction":[{"@type":"ReadAction","target":["https:\/\/lidhs.com\/en\/about-us\/our-history\/"]}]},{"@type":"ImageObject","inLanguage":"en-US","@id":"https:\/\/lidhs.com\/en\/about-us\/our-history\/#primaryimage","url":"https:\/\/lidhs.com\/wp-content\/uploads\/2023\/10\/lidhs-tooling-var-historia-utvald-bild.jpg","contentUrl":"https:\/\/lidhs.com\/wp-content\/uploads\/2023\/10\/lidhs-tooling-var-historia-utvald-bild.jpg","width":800,"height":543,"caption":"Dr\u00f6narbild \u00f6ver Lidhs Tooling byggnad och milj\u00f6"},{"@type":"BreadcrumbList","@id":"https:\/\/lidhs.com\/en\/about-us\/our-history\/#breadcrumb","itemListElement":[{"@type":"ListItem","position":1,"name":"Hem","item":"https:\/\/lidhs.com\/en\/"},{"@type":"ListItem","position":2,"name":"About us","item":"https:\/\/lidhs.com\/en\/about-us\/"},{"@type":"ListItem","position":3,"name":"Our history"}]},{"@type":"WebSite","@id":"https:\/\/lidhs.com\/#website","url":"https:\/\/lidhs.com\/","name":"Lidhs Tooling","description":"\u2013 F\u00f6rverkliga din id\u00e9!","publisher":{"@id":"https:\/\/lidhs.com\/#organization"},"potentialAction":[{"@type":"SearchAction","target":{"@type":"EntryPoint","urlTemplate":"https:\/\/lidhs.com\/?s={search_term_string}"},"query-input":{"@type":"PropertyValueSpecification","valueRequired":true,"valueName":"search_term_string"}}],"inLanguage":"en-US"},{"@type":"Organization","@id":"https:\/\/lidhs.com\/#organization","name":"Lidhs Tooling","url":"https:\/\/lidhs.com\/","logo":{"@type":"ImageObject","inLanguage":"en-US","@id":"https:\/\/lidhs.com\/#\/schema\/logo\/image\/","url":"https:\/\/lidhs.com\/wp-content\/uploads\/2023\/11\/lidhs-logo-yoast.png","contentUrl":"https:\/\/lidhs.com\/wp-content\/uploads\/2023\/11\/lidhs-logo-yoast.png","width":696,"height":696,"caption":"Lidhs Tooling"},"image":{"@id":"https:\/\/lidhs.com\/#\/schema\/logo\/image\/"},"sameAs":["https:\/\/www.facebook.com\/Lidhs-Tooling-AB-269986813753507\/","https:\/\/www.linkedin.com\/company\/lidhs-tooling-ab\/?originalSubdomain=se"]}]}},"_links":{"self":[{"href":"https:\/\/lidhs.com\/en\/wp-json\/wp\/v2\/pages\/2859","targetHints":{"allow":["GET"]}}],"collection":[{"href":"https:\/\/lidhs.com\/en\/wp-json\/wp\/v2\/pages"}],"about":[{"href":"https:\/\/lidhs.com\/en\/wp-json\/wp\/v2\/types\/page"}],"author":[{"embeddable":true,"href":"https:\/\/lidhs.com\/en\/wp-json\/wp\/v2\/users\/2"}],"replies":[{"embeddable":true,"href":"https:\/\/lidhs.com\/en\/wp-json\/wp\/v2\/comments?post=2859"}],"version-history":[{"count":11,"href":"https:\/\/lidhs.com\/en\/wp-json\/wp\/v2\/pages\/2859\/revisions"}],"predecessor-version":[{"id":3908,"href":"https:\/\/lidhs.com\/en\/wp-json\/wp\/v2\/pages\/2859\/revisions\/3908"}],"up":[{"embeddable":true,"href":"https:\/\/lidhs.com\/en\/wp-json\/wp\/v2\/pages\/2843"}],"wp:featuredmedia":[{"embeddable":true,"href":"https:\/\/lidhs.com\/en\/wp-json\/wp\/v2\/media\/2786"}],"wp:attachment":[{"href":"https:\/\/lidhs.com\/en\/wp-json\/wp\/v2\/media?parent=2859"}],"curies":[{"name":"wp","href":"https:\/\/api.w.org\/{rel}","templated":true}]}}