{"id":2815,"date":"2023-04-13T11:09:54","date_gmt":"2023-04-13T09:09:54","guid":{"rendered":"https:\/\/lidhs.com\/?page_id=2815"},"modified":"2024-12-03T13:17:09","modified_gmt":"2024-12-03T12:17:09","slug":"work-for-us","status":"publish","type":"page","link":"https:\/\/lidhs.com\/en\/work-for-us\/","title":{"rendered":"Work for us"},"content":{"rendered":"<div class=\"wpb-content-wrapper\"><p>[vc_row gap=&#8221;20&#8243;][vc_column width=&#8221;2\/3&#8243;][vc_column_text]<\/p>\n<h1>Work for us at Lidhs in Dalstorp!<\/h1>\n<p>[\/vc_column_text][vc_empty_space height=&#8221;40px&#8221;][vc_column_text]Here at Lidhs Tooling, we\u2019re experienced toolmakers, manufacturing tools for the manufacturing engineering industry. We\u2019re also the leading tool maker in Northern Europe. Join us and help bring innovative ideas to life as we create tools for dynamic companies across Swedish and European industries. We currently have a fantastic team of around 40 employees at Lidhs, and we attach great importance to creating a pleasant working environment.<\/p>\n<p>&nbsp;<\/p>\n<p>Working at Lidhs means working for a family-run business that cares about its staff and sustainability. Working with us offers you a varied role where no two days are the same. At Lidhs, we offer multiple departments to work in and excellent opportunities for career development. Our employees work with everything from simulation and design to processing in CNC machines, assembly and servicing.<\/p>\n<p>&nbsp;<\/p>\n<p>Lidhs Tooling is located in Dalstorp, a community in Tranemo Municipality. Working with us provides you with a workplace close to nature. Just a stone\u2019s throw away from here you\u2019ll find a well-maintained swimming area perfect for taking a refreshing plunge in Lake Dalstorpasj\u00f6n. There are also several hiking and cycling trails to explore around Dalstorp and the rest of Sjuh\u00e4rad.<\/p>\n<p>&nbsp;<\/p>\n<h2>Job vacancies<\/h2>\n<p>View our current job vacancies here. At Lidhs Tooling, we\u2019re always interested in hearing from talented individuals, even when no positions are currently listed. Feel free to send us an unsolicited application. Send your unsolicited application to <a href=\"mailto:magnus.andersson@lidhs.se\">magnus.andersson@lidhs.se<\/a>.<\/p>\n<p>[\/vc_column_text][\/vc_column][vc_column width=&#8221;1\/3&#8243;][vc_single_image image=&#8221;3828&#8243; img_size=&#8221;full&#8221;][\/vc_column][\/vc_row][vc_row][vc_column]<div id=\"ult-carousel-252575011169d00045a7e53\" class=\"ult-carousel-wrapper   ult_horizontal\" data-gutter=\"15\" data-rtl=\"false\" ><div class=\"ult-carousel-218603219569d00045a7bc4 \" ><div class=\"ult-item-wrap\" data-animation=\"animated no-animation\"><q class=\"text-big shortcode-pullquote wf-cell align-left wf-1\"><p><span style=\"font-weight: bold;\">\u201cThe best thing about working with tools is the variation. Each tool is unique, so there\u2019s a lot of variation in the work. And I also get to work with problem solving, which is really cool!\u201d<\/span><\/p>\n<p><span style=\"color: #000000;\"><span style=\"font-weight: bold;\">Daniel \u00c4lmefur<\/span> \u2013 Fitter Lidhs Tooling<\/span><\/p>\n<\/q><\/div><div class=\"ult-item-wrap\" data-animation=\"animated no-animation\"><q class=\"text-big shortcode-pullquote wf-cell align-left wf-1\"><p><span style=\"font-weight: bold;\">\u201cNo two days are the same when you work with toolmaking, so it\u2019s never boring here. I also have great colleagues who make it fun to go to work!\u201d<\/span><\/p>\n<p><span style=\"color: #000000;\"><span style=\"font-weight: bold;\">Vilma \u00d6berg<\/span> \u2013 EDM Lidhs Tooling<\/span><\/p>\n<\/q><\/div><div class=\"ult-item-wrap\" data-animation=\"animated no-animation\"><q class=\"text-big shortcode-pullquote wf-cell align-left wf-1\"><p><span style=\"font-weight: bold;\">\u201cThe best thing about my job is the variation. And problem-solving is a key part of what we do. It\u2019s never boring.\u201d<\/span><\/p>\n<p><span style=\"color: #000000;\"><span style=\"font-weight: bold;\">Anders Enoksson<\/span> \u2013 Fitter Lidhs Tooling <\/span><\/p>\n<\/q><\/div><\/div><\/div>\t\t\t<script type=\"text\/javascript\">\n\t\t\t\tjQuery(document).ready(function ($) {\n\t\t\t\t\tif( typeof jQuery('.ult-carousel-218603219569d00045a7bc4').slick == \"function\"){\n\t\t\t\t\t\t$('.ult-carousel-218603219569d00045a7bc4').slick({dots: true,autoplay: true,autoplaySpeed: \"5000\",speed: \"300\",infinite: true,arrows: true,nextArrow: '<button type=\"button\" role=\"button\" aria-label=\"Next\" style=\"color:#333333; font-size:20px;\" class=\"slick-next default\"><i class=\"ultsl-arrow-right4\"><\/i><\/button>',prevArrow: '<button type=\"button\" role=\"button\" aria-label=\"Previous\" style=\"color:#333333; font-size:20px;\" class=\"slick-prev default\"><i class=\"ultsl-arrow-left4\"><\/i><\/button>',slidesToScroll:2,slidesToShow:2,swipe: true,draggable: true,touchMove: true,pauseOnHover: true,pauseOnFocus: false,responsive: [\n\t\t\t\t\t\t\t{\n\t\t\t\t\t\t\t  breakpoint: 1026,\n\t\t\t\t\t\t\t  settings: {\n\t\t\t\t\t\t\t\tslidesToShow: 2,\n\t\t\t\t\t\t\t\tslidesToScroll: 2,  \n\t\t\t\t\t\t\t  }\n\t\t\t\t\t\t\t},\n\t\t\t\t\t\t\t{\n\t\t\t\t\t\t\t  breakpoint: 1025,\n\t\t\t\t\t\t\t  settings: {\n\t\t\t\t\t\t\t\tslidesToShow: 2,\n\t\t\t\t\t\t\t\tslidesToScroll: 2\n\t\t\t\t\t\t\t  }\n\t\t\t\t\t\t\t},\n\t\t\t\t\t\t\t{\n\t\t\t\t\t\t\t  breakpoint: 760,\n\t\t\t\t\t\t\t  settings: {\n\t\t\t\t\t\t\t\tslidesToShow: 2,\n\t\t\t\t\t\t\t\tslidesToScroll: 2\n\t\t\t\t\t\t\t  }\n\t\t\t\t\t\t\t}\n\t\t\t\t\t\t],pauseOnDotsHover: true,customPaging: function(slider, i) {\n                   return '<i type=\"button\" style= \"color:#333333;\" class=\"ultsl-record\" data-role=\"none\"><\/i>';\n                },});\n\t\t\t\t\t}\n\t\t\t\t});\n\t\t\t<\/script>\n\t\t\t[\/vc_column][\/vc_row]<\/p>\n<\/div>","protected":false},"excerpt":{"rendered":"<p>[vc_row gap=&#8221;20&#8243;][vc_column width=&#8221;2\/3&#8243;][vc_column_text] Work for us at Lidhs in Dalstorp! [\/vc_column_text][vc_empty_space height=&#8221;40px&#8221;][vc_column_text]Here at Lidhs Tooling, we\u2019re experienced toolmakers, manufacturing tools for the manufacturing engineering industry. We\u2019re also the leading tool maker in Northern Europe. Join us and help bring innovative ideas to life as we create tools for dynamic companies across Swedish and European industries.&hellip;<\/p>\n","protected":false},"author":2,"featured_media":3687,"parent":0,"menu_order":0,"comment_status":"closed","ping_status":"closed","template":"","meta":{"footnotes":""},"class_list":["post-2815","page","type-page","status-publish","has-post-thumbnail","hentry","description-off"],"yoast_head":"<!-- This site is optimized with the Yoast SEO plugin v24.0 - https:\/\/yoast.com\/wordpress\/plugins\/seo\/ -->\n<title>Work for us | Lidhs Tooling - Turn your idea into reality!<\/title>\n<meta name=\"description\" content=\"Work for us at Lidhs in Dalstorp with tool design, simulation and cutting Lidhs Tooling Sweden\u2019s leading tool manufacturer!\" \/>\n<meta name=\"robots\" content=\"index, follow, max-snippet:-1, max-image-preview:large, max-video-preview:-1\" \/>\n<link rel=\"canonical\" href=\"https:\/\/lidhs.com\/en\/work-for-us\/\" \/>\n<meta property=\"og:locale\" content=\"en_US\" \/>\n<meta property=\"og:type\" content=\"article\" \/>\n<meta property=\"og:title\" content=\"Work for us | Lidhs Tooling - Turn your idea into reality!\" \/>\n<meta property=\"og:description\" content=\"Work for us at Lidhs in Dalstorp with tool design, simulation and cutting Lidhs Tooling Sweden\u2019s leading tool manufacturer!\" \/>\n<meta property=\"og:url\" content=\"https:\/\/lidhs.com\/en\/work-for-us\/\" \/>\n<meta property=\"og:site_name\" content=\"Lidhs Tooling\" \/>\n<meta property=\"article:publisher\" content=\"https:\/\/www.facebook.com\/Lidhs-Tooling-AB-269986813753507\/\" \/>\n<meta property=\"article:modified_time\" content=\"2024-12-03T12:17:09+00:00\" \/>\n<meta property=\"og:image\" content=\"https:\/\/lidhs.com\/wp-content\/uploads\/2024\/10\/Lidhs_Tooling_Jobba_hos_oss.jpg\" \/>\n\t<meta property=\"og:image:width\" content=\"800\" \/>\n\t<meta property=\"og:image:height\" content=\"543\" \/>\n\t<meta property=\"og:image:type\" content=\"image\/jpeg\" \/>\n<meta name=\"twitter:card\" content=\"summary_large_image\" \/>\n<meta name=\"twitter:label1\" content=\"Est. reading time\" \/>\n\t<meta name=\"twitter:data1\" content=\"2 minutes\" \/>\n<script type=\"application\/ld+json\" class=\"yoast-schema-graph\">{\"@context\":\"https:\/\/schema.org\",\"@graph\":[{\"@type\":\"WebPage\",\"@id\":\"https:\/\/lidhs.com\/en\/work-for-us\/\",\"url\":\"https:\/\/lidhs.com\/en\/work-for-us\/\",\"name\":\"Work for us | Lidhs Tooling - Turn your idea into reality!\",\"isPartOf\":{\"@id\":\"https:\/\/lidhs.com\/#website\"},\"primaryImageOfPage\":{\"@id\":\"https:\/\/lidhs.com\/en\/work-for-us\/#primaryimage\"},\"image\":{\"@id\":\"https:\/\/lidhs.com\/en\/work-for-us\/#primaryimage\"},\"thumbnailUrl\":\"https:\/\/lidhs.com\/wp-content\/uploads\/2024\/10\/Lidhs_Tooling_Jobba_hos_oss.jpg\",\"datePublished\":\"2023-04-13T09:09:54+00:00\",\"dateModified\":\"2024-12-03T12:17:09+00:00\",\"description\":\"Work for us at Lidhs in Dalstorp with tool design, simulation and cutting Lidhs Tooling Sweden\u2019s leading tool manufacturer!\",\"breadcrumb\":{\"@id\":\"https:\/\/lidhs.com\/en\/work-for-us\/#breadcrumb\"},\"inLanguage\":\"en-US\",\"potentialAction\":[{\"@type\":\"ReadAction\",\"target\":[\"https:\/\/lidhs.com\/en\/work-for-us\/\"]}]},{\"@type\":\"ImageObject\",\"inLanguage\":\"en-US\",\"@id\":\"https:\/\/lidhs.com\/en\/work-for-us\/#primaryimage\",\"url\":\"https:\/\/lidhs.com\/wp-content\/uploads\/2024\/10\/Lidhs_Tooling_Jobba_hos_oss.jpg\",\"contentUrl\":\"https:\/\/lidhs.com\/wp-content\/uploads\/2024\/10\/Lidhs_Tooling_Jobba_hos_oss.jpg\",\"width\":800,\"height\":543,\"caption\":\"Gruppbild p\u00e5 alla anst\u00e4llda p\u00e5 Lidhs Tooling\"},{\"@type\":\"BreadcrumbList\",\"@id\":\"https:\/\/lidhs.com\/en\/work-for-us\/#breadcrumb\",\"itemListElement\":[{\"@type\":\"ListItem\",\"position\":1,\"name\":\"Hem\",\"item\":\"https:\/\/lidhs.com\/en\/\"},{\"@type\":\"ListItem\",\"position\":2,\"name\":\"Work for us\"}]},{\"@type\":\"WebSite\",\"@id\":\"https:\/\/lidhs.com\/#website\",\"url\":\"https:\/\/lidhs.com\/\",\"name\":\"Lidhs Tooling\",\"description\":\"\u2013 F\u00f6rverkliga din id\u00e9!\",\"publisher\":{\"@id\":\"https:\/\/lidhs.com\/#organization\"},\"potentialAction\":[{\"@type\":\"SearchAction\",\"target\":{\"@type\":\"EntryPoint\",\"urlTemplate\":\"https:\/\/lidhs.com\/?s={search_term_string}\"},\"query-input\":{\"@type\":\"PropertyValueSpecification\",\"valueRequired\":true,\"valueName\":\"search_term_string\"}}],\"inLanguage\":\"en-US\"},{\"@type\":\"Organization\",\"@id\":\"https:\/\/lidhs.com\/#organization\",\"name\":\"Lidhs Tooling\",\"url\":\"https:\/\/lidhs.com\/\",\"logo\":{\"@type\":\"ImageObject\",\"inLanguage\":\"en-US\",\"@id\":\"https:\/\/lidhs.com\/#\/schema\/logo\/image\/\",\"url\":\"https:\/\/lidhs.com\/wp-content\/uploads\/2023\/11\/lidhs-logo-yoast.png\",\"contentUrl\":\"https:\/\/lidhs.com\/wp-content\/uploads\/2023\/11\/lidhs-logo-yoast.png\",\"width\":696,\"height\":696,\"caption\":\"Lidhs Tooling\"},\"image\":{\"@id\":\"https:\/\/lidhs.com\/#\/schema\/logo\/image\/\"},\"sameAs\":[\"https:\/\/www.facebook.com\/Lidhs-Tooling-AB-269986813753507\/\",\"https:\/\/www.linkedin.com\/company\/lidhs-tooling-ab\/?originalSubdomain=se\"]}]}<\/script>\n<!-- \/ Yoast SEO plugin. -->","yoast_head_json":{"title":"Work for us | Lidhs Tooling - Turn your idea into reality!","description":"Work for us at Lidhs in Dalstorp with tool design, simulation and cutting Lidhs Tooling Sweden\u2019s leading tool manufacturer!","robots":{"index":"index","follow":"follow","max-snippet":"max-snippet:-1","max-image-preview":"max-image-preview:large","max-video-preview":"max-video-preview:-1"},"canonical":"https:\/\/lidhs.com\/en\/work-for-us\/","og_locale":"en_US","og_type":"article","og_title":"Work for us | Lidhs Tooling - Turn your idea into reality!","og_description":"Work for us at Lidhs in Dalstorp with tool design, simulation and cutting Lidhs Tooling Sweden\u2019s leading tool manufacturer!","og_url":"https:\/\/lidhs.com\/en\/work-for-us\/","og_site_name":"Lidhs Tooling","article_publisher":"https:\/\/www.facebook.com\/Lidhs-Tooling-AB-269986813753507\/","article_modified_time":"2024-12-03T12:17:09+00:00","og_image":[{"width":800,"height":543,"url":"https:\/\/lidhs.com\/wp-content\/uploads\/2024\/10\/Lidhs_Tooling_Jobba_hos_oss.jpg","type":"image\/jpeg"}],"twitter_card":"summary_large_image","twitter_misc":{"Est. reading time":"2 minutes"},"schema":{"@context":"https:\/\/schema.org","@graph":[{"@type":"WebPage","@id":"https:\/\/lidhs.com\/en\/work-for-us\/","url":"https:\/\/lidhs.com\/en\/work-for-us\/","name":"Work for us | Lidhs Tooling - Turn your idea into reality!","isPartOf":{"@id":"https:\/\/lidhs.com\/#website"},"primaryImageOfPage":{"@id":"https:\/\/lidhs.com\/en\/work-for-us\/#primaryimage"},"image":{"@id":"https:\/\/lidhs.com\/en\/work-for-us\/#primaryimage"},"thumbnailUrl":"https:\/\/lidhs.com\/wp-content\/uploads\/2024\/10\/Lidhs_Tooling_Jobba_hos_oss.jpg","datePublished":"2023-04-13T09:09:54+00:00","dateModified":"2024-12-03T12:17:09+00:00","description":"Work for us at Lidhs in Dalstorp with tool design, simulation and cutting Lidhs Tooling Sweden\u2019s leading tool manufacturer!","breadcrumb":{"@id":"https:\/\/lidhs.com\/en\/work-for-us\/#breadcrumb"},"inLanguage":"en-US","potentialAction":[{"@type":"ReadAction","target":["https:\/\/lidhs.com\/en\/work-for-us\/"]}]},{"@type":"ImageObject","inLanguage":"en-US","@id":"https:\/\/lidhs.com\/en\/work-for-us\/#primaryimage","url":"https:\/\/lidhs.com\/wp-content\/uploads\/2024\/10\/Lidhs_Tooling_Jobba_hos_oss.jpg","contentUrl":"https:\/\/lidhs.com\/wp-content\/uploads\/2024\/10\/Lidhs_Tooling_Jobba_hos_oss.jpg","width":800,"height":543,"caption":"Gruppbild p\u00e5 alla anst\u00e4llda p\u00e5 Lidhs Tooling"},{"@type":"BreadcrumbList","@id":"https:\/\/lidhs.com\/en\/work-for-us\/#breadcrumb","itemListElement":[{"@type":"ListItem","position":1,"name":"Hem","item":"https:\/\/lidhs.com\/en\/"},{"@type":"ListItem","position":2,"name":"Work for us"}]},{"@type":"WebSite","@id":"https:\/\/lidhs.com\/#website","url":"https:\/\/lidhs.com\/","name":"Lidhs Tooling","description":"\u2013 F\u00f6rverkliga din id\u00e9!","publisher":{"@id":"https:\/\/lidhs.com\/#organization"},"potentialAction":[{"@type":"SearchAction","target":{"@type":"EntryPoint","urlTemplate":"https:\/\/lidhs.com\/?s={search_term_string}"},"query-input":{"@type":"PropertyValueSpecification","valueRequired":true,"valueName":"search_term_string"}}],"inLanguage":"en-US"},{"@type":"Organization","@id":"https:\/\/lidhs.com\/#organization","name":"Lidhs Tooling","url":"https:\/\/lidhs.com\/","logo":{"@type":"ImageObject","inLanguage":"en-US","@id":"https:\/\/lidhs.com\/#\/schema\/logo\/image\/","url":"https:\/\/lidhs.com\/wp-content\/uploads\/2023\/11\/lidhs-logo-yoast.png","contentUrl":"https:\/\/lidhs.com\/wp-content\/uploads\/2023\/11\/lidhs-logo-yoast.png","width":696,"height":696,"caption":"Lidhs Tooling"},"image":{"@id":"https:\/\/lidhs.com\/#\/schema\/logo\/image\/"},"sameAs":["https:\/\/www.facebook.com\/Lidhs-Tooling-AB-269986813753507\/","https:\/\/www.linkedin.com\/company\/lidhs-tooling-ab\/?originalSubdomain=se"]}]}},"_links":{"self":[{"href":"https:\/\/lidhs.com\/en\/wp-json\/wp\/v2\/pages\/2815","targetHints":{"allow":["GET"]}}],"collection":[{"href":"https:\/\/lidhs.com\/en\/wp-json\/wp\/v2\/pages"}],"about":[{"href":"https:\/\/lidhs.com\/en\/wp-json\/wp\/v2\/types\/page"}],"author":[{"embeddable":true,"href":"https:\/\/lidhs.com\/en\/wp-json\/wp\/v2\/users\/2"}],"replies":[{"embeddable":true,"href":"https:\/\/lidhs.com\/en\/wp-json\/wp\/v2\/comments?post=2815"}],"version-history":[{"count":13,"href":"https:\/\/lidhs.com\/en\/wp-json\/wp\/v2\/pages\/2815\/revisions"}],"predecessor-version":[{"id":4188,"href":"https:\/\/lidhs.com\/en\/wp-json\/wp\/v2\/pages\/2815\/revisions\/4188"}],"wp:featuredmedia":[{"embeddable":true,"href":"https:\/\/lidhs.com\/en\/wp-json\/wp\/v2\/media\/3687"}],"wp:attachment":[{"href":"https:\/\/lidhs.com\/en\/wp-json\/wp\/v2\/media?parent=2815"}],"curies":[{"name":"wp","href":"https:\/\/api.w.org\/{rel}","templated":true}]}}